{"id":10868,"date":"2026-03-23T10:45:07","date_gmt":"2026-03-23T10:45:07","guid":{"rendered":"https:\/\/pianosalsa.com\/product\/montunos-collection-%f0%9f%93%84pdf-book\/"},"modified":"2026-03-23T10:45:44","modified_gmt":"2026-03-23T10:45:44","slug":"montunos-collection-%f0%9f%93%84pdf-book","status":"publish","type":"product","link":"https:\/\/pianosalsa.com\/de\/product\/montunos-collection-%f0%9f%93%84pdf-book\/","title":{"rendered":"MONTUNOS COLLECTION \ud83d\udcc4Pdf Buch"},"content":{"rendered":"<p>*Das Buch wird als Pdf heruntergeladen oder per E-Mail als Pdf verschickt, es sind keine Mp3-Backing-Tracks enthalten.<\/p>\n<h2><strong>\u201cEntdecken Sie die Kunst des Montuno auf dem Klavier\u201d.\u201d<\/strong><\/h2>\n<p>Dieses Buch enth\u00e4lt eine gro\u00dfe Auswahl an charakteristischen Begleitungen f\u00fcr die Salsa und ihre verschiedenen afrokubanischen Stile. Mehr als ein Buch der Theorie, finden Sie Muster zu \u00fcben: montunos, tumbaos und guajeos, organisiert zu studieren und auf Ihrem Instrument anwenden.<\/p>\n<p>Dieses Material wurde f\u00fcr Pianisten aller Niveaus entwickelt und dient als Studienleitfaden und Lehrmittel, sei es f\u00fcr die individuelle Praxis oder f\u00fcr Musikausbildungsprogramme in Musikinstitutionen und Schulen.<\/p>\n<p>Ein unverzichtbares Hilfsmittel, um den direkten Weg zu Gel\u00e4ufigkeit, Unabh\u00e4ngigkeit und der wahren Sprache des Klaviers im Salsa zu finden.<\/p>\n<p>Rafa Madagaskar<\/p>\n<p><strong>\u00a0<\/strong><\/p>\n<p><strong>\ud83d\udcc4<\/strong><strong> 101-seitiges PDF-Buch zum Herunterladen. Bereit zum Drucken.<\/strong><\/p>\n<p><strong>Inhalt des Buches:<\/strong><\/p>\n<p><strong>\u00a0<\/strong><\/p>\n<p><strong>KAPITEL 1 BEISPIELE F\u00dcR DEN SOHN\u00a0 <\/strong><\/p>\n<p><em>60 Beispiele f\u00fcr traditionelle S\u00f6hne <\/em><\/p>\n<p><em>12 weitere Beispiele f\u00fcr Son Montuno <\/em><\/p>\n<p><strong>KAPITEL 2 BEISPIELE F\u00dcR GUARACHA\u00a0 <\/strong><\/p>\n<p><em>12 Guaracha Guajeos <\/em><\/p>\n<p><strong>KAPITEL 3 BEISPIELE F\u00dcR GUAJIRAS UND CHA CHA CH\u00c0\u00a0 <\/strong><\/p>\n<p>12 <em>Beispiele aus Guajira <\/em><\/p>\n<p><em>10 Beispiele f\u00fcr Cha-cha-cha\u00a0 <\/em><\/p>\n<p><strong>KAPITEL 4 BEISPIELE ZUM HERUNTERLADEN\u00a0 <\/strong><\/p>\n<p>13 <em>Beispiele Mittlere Ebene\u00a0 <\/em><\/p>\n<p><em>10 Beispiele Fortgeschrittene Stufe\u00a0 <\/em><\/p>\n<p><strong>KAPITEL 5 BEISPIELE F\u00dcR PACHANGA\u00a0 <\/strong><\/p>\n<p><em>22 Beispiele f\u00fcr Pachanga\u00a0 <\/em><\/p>\n<p><strong>KAPITEL 6 BEISPIELE F\u00dcR MODERNE SALSA\u00a0 <\/strong><\/p>\n<p><em>20 Beispiele f\u00fcr modernen Salsa\u00a0 <\/em><\/p>\n<p><strong>KAPITEL 7 TIMBA-BEISPIELE\u00a0 <\/strong><\/p>\n<p><em>18 Beispiele f\u00fcr Timba\u00a0 <\/em><\/p>\n<p><strong>KAPITEL 8 PRAXIS MIT MONTUNOS\u00a0 <\/strong><\/p>\n<p><em>10 Beispiele Grundstufe\u00a0 <\/em><\/p>\n<p><em>24 Beispiele Mittleres Niveau\u00a0 <\/em><\/p>\n<p><em>22 Beispiele Fortgeschrittene Stufe\u00a0 <\/em><\/p>\n<div id=\"ssIdSession\" data-ssid=\"b1aab435ffb13594489d14eaa47ea455\"><\/div>","protected":false},"excerpt":{"rendered":"<p>*El libro se descarga en Pdf o se envia por e mail en Pdf, no incluye Mp3 backing tracks \u201cDescubre [&hellip;]<\/p>","protected":false},"featured_media":10339,"comment_status":"open","ping_status":"closed","template":"","meta":{"_acf_changed":false,"_monsterinsights_skip_tracking":false,"_monsterinsights_sitenote_active":false,"_monsterinsights_sitenote_note":"","_monsterinsights_sitenote_category":0},"product_brand":[],"product_cat":[15,347],"product_tag":[],"class_list":{"0":"post-10868","1":"product","2":"type-product","3":"status-publish","4":"has-post-thumbnail","6":"product_cat-uncategorized","7":"product_cat-partituras","9":"first","10":"instock","11":"downloadable","12":"virtual","13":"purchasable","14":"product-type-simple"},"acf":[],"_links":{"self":[{"href":"https:\/\/pianosalsa.com\/de\/wp-json\/wp\/v2\/product\/10868","targetHints":{"allow":["GET"]}}],"collection":[{"href":"https:\/\/pianosalsa.com\/de\/wp-json\/wp\/v2\/product"}],"about":[{"href":"https:\/\/pianosalsa.com\/de\/wp-json\/wp\/v2\/types\/product"}],"replies":[{"embeddable":true,"href":"https:\/\/pianosalsa.com\/de\/wp-json\/wp\/v2\/comments?post=10868"}],"wp:featuredmedia":[{"embeddable":true,"href":"https:\/\/pianosalsa.com\/de\/wp-json\/wp\/v2\/media\/10339"}],"wp:attachment":[{"href":"https:\/\/pianosalsa.com\/de\/wp-json\/wp\/v2\/media?parent=10868"}],"wp:term":[{"taxonomy":"product_brand","embeddable":true,"href":"https:\/\/pianosalsa.com\/de\/wp-json\/wp\/v2\/product_brand?post=10868"},{"taxonomy":"product_cat","embeddable":true,"href":"https:\/\/pianosalsa.com\/de\/wp-json\/wp\/v2\/product_cat?post=10868"},{"taxonomy":"product_tag","embeddable":true,"href":"https:\/\/pianosalsa.com\/de\/wp-json\/wp\/v2\/product_tag?post=10868"}],"curies":[{"name":"wp","href":"https:\/\/api.w.org\/{rel}","templated":true}]}}