{"id":10992,"date":"2025-10-29T14:47:38","date_gmt":"2025-10-29T14:47:38","guid":{"rendered":"https:\/\/pianosalsa.com\/product\/pirana-soneros-del-barrio\/"},"modified":"2025-12-14T15:56:37","modified_gmt":"2025-12-14T15:56:37","slug":"pirana-soneros-del-barrio","status":"publish","type":"product","link":"https:\/\/pianosalsa.com\/de\/product\/pirana-soneros-del-barrio\/","title":{"rendered":"PIRA\u00d1A - Soneros del Barrio"},"content":{"rendered":"<p>\ud83c\udfb6 <strong>PDF Partitur + Backing Track (Optional, einige Partituren haben keine Backing Tracks) - Transkription der ber\u00fchmtesten Salsa-Klaviersoli der Welt von Rafa Madagascar<\/strong> \ud83c\udfb6<\/p>\n<p>Dieses Solo-Transkript ist Teil unserer exklusiven Sammlung von Transkripten im PDF-Format, die wir akribisch transkribiert haben <strong>Note f\u00fcr Note<\/strong> von <strong>Rafa Madagaskar<\/strong> bieten die M\u00f6glichkeit, das Spiel der gro\u00dfen Meister der Improvisation zu analysieren. Diese Partituren sind die originalgetreueste und detaillierteste Version, die Sie finden k\u00f6nnen, so dass Sie das Solo mit Genauigkeit und Authentizit\u00e4t spielen k\u00f6nnen.<\/p>\n<p>\u2728 <strong>Produktmerkmale:<\/strong><br \/>\n\u2714 <strong>PDF-Format<\/strong>Einfach auf jedem Ger\u00e4t anzusehen oder auszudrucken.<br \/>\n\u2714 <strong>Transkription 100% genau<\/strong>Erfasst jedes Detail des Originalst\u00fccks.<br \/>\n\u2714 <strong>Option mit Backing Track<\/strong>In einigen F\u00e4llen ist ein professioneller Backing-Track enthalten, um das \u00dcben realistischer zu gestalten.<br \/>\n\u2714 <strong>Ideal f\u00fcr mittlere\/fortgeschrittene Musiker<\/strong>Dieses Material wird Ihnen helfen, auf h\u00f6here Ebenen aufzusteigen.<\/p>\n<p>\ud83d\udd34 <strong>Das ist wichtig:<\/strong><br \/>\nAufgrund des digitalen Charakters des Produkts und der einfachen Reproduktion von PDF-Dateien, <strong>keine R\u00fcckerstattung, wenn der Kauf bereits erfolgt ist.<\/strong>. Wir empfehlen Ihnen, sich vor Abschluss der Transaktion Ihrer Wahl zu vergewissern.<\/p>\n<p>\ud83c\udfbc Steigern Sie Ihre Leistung mit unseren professionellen Transkriptionen und tauchen Sie in die Musik mit der Qualit\u00e4t ein, die Sie verdienen - holen Sie sich jetzt Ihre Partitur!<\/p>\n<div id=\"ssIdSession\" data-ssid=\"6149a4f5198443c4c68aff54e103d541\"><\/div>","protected":false},"excerpt":{"rendered":"<p>\ud83c\udfb6 Partitura en PDF + Backing Track (Opcional algunas partituras no tienen backig tracks) \u2013 Transcripci\u00f3n de los solos de [&hellip;]<\/p>","protected":false},"featured_media":9752,"comment_status":"open","ping_status":"closed","template":"","meta":{"_acf_changed":false,"_monsterinsights_skip_tracking":false,"_monsterinsights_sitenote_active":false,"_monsterinsights_sitenote_note":"","_monsterinsights_sitenote_category":0},"product_brand":[],"product_cat":[15,347],"product_tag":[],"class_list":{"0":"post-10992","1":"product","2":"type-product","3":"status-publish","4":"has-post-thumbnail","6":"product_cat-uncategorized","7":"product_cat-partituras","9":"first","10":"instock","11":"downloadable","12":"shipping-taxable","13":"purchasable","14":"product-type-simple"},"acf":[],"_links":{"self":[{"href":"https:\/\/pianosalsa.com\/de\/wp-json\/wp\/v2\/product\/10992","targetHints":{"allow":["GET"]}}],"collection":[{"href":"https:\/\/pianosalsa.com\/de\/wp-json\/wp\/v2\/product"}],"about":[{"href":"https:\/\/pianosalsa.com\/de\/wp-json\/wp\/v2\/types\/product"}],"replies":[{"embeddable":true,"href":"https:\/\/pianosalsa.com\/de\/wp-json\/wp\/v2\/comments?post=10992"}],"wp:featuredmedia":[{"embeddable":true,"href":"https:\/\/pianosalsa.com\/de\/wp-json\/wp\/v2\/media\/9752"}],"wp:attachment":[{"href":"https:\/\/pianosalsa.com\/de\/wp-json\/wp\/v2\/media?parent=10992"}],"wp:term":[{"taxonomy":"product_brand","embeddable":true,"href":"https:\/\/pianosalsa.com\/de\/wp-json\/wp\/v2\/product_brand?post=10992"},{"taxonomy":"product_cat","embeddable":true,"href":"https:\/\/pianosalsa.com\/de\/wp-json\/wp\/v2\/product_cat?post=10992"},{"taxonomy":"product_tag","embeddable":true,"href":"https:\/\/pianosalsa.com\/de\/wp-json\/wp\/v2\/product_tag?post=10992"}],"curies":[{"name":"wp","href":"https:\/\/api.w.org\/{rel}","templated":true}]}}