{"id":11057,"date":"2025-10-29T14:47:55","date_gmt":"2025-10-29T14:47:55","guid":{"rendered":"https:\/\/pianosalsa.com\/product\/no-soy-para-ti-ismael-rivera\/"},"modified":"2025-12-14T16:12:25","modified_gmt":"2025-12-14T16:12:25","slug":"no-soy-para-ti-ismael-rivera","status":"publish","type":"product","link":"https:\/\/pianosalsa.com\/de\/product\/no-soy-para-ti-ismael-rivera\/","title":{"rendered":"I'M NOT FOR YOU - Ismael Rivera"},"content":{"rendered":"<p><strong>\ud83c\udfbc<\/strong><strong> Noten mit Chiffren in PDF + Backing Track (Optional nicht alle Noten haben einen Backing Track) - Collection of Harmonic Progressions by Rafa Madagascar. <\/strong><\/p>\n<p>Erforschen und verstehen Sie jedes Thema mit dieser exklusiven Sammlung von Solonoten mit Tabulatur, die von Rafa Madagascar erstellt wurde. Dieses Material soll Ihnen helfen, die harmonischen Progressionen der verschiedenen Musikstile in der Welt des Salsa klar und genau zu studieren und zu analysieren, um ihre Anwendung bei der Auff\u00fchrung, Begleitung und Komposition zu erleichtern.<\/p>\n<p>Ob Sie Student, Berufsmusiker oder Lehrer sind, diese Partituren werden es Ihnen erm\u00f6glichen, Ihr Verst\u00e4ndnis der harmonischen Sprache und ihrer Anwendung in der Praxis zu verbessern.<\/p>\n<p>\u2728 <strong>Was beinhaltet dieses Produkt?<\/strong><\/p>\n<p>\u2714 <strong>Partitur im PDF-Format<\/strong> - Hochwertige Datei, die mit jedem Ger\u00e4t oder zum Drucken kompatibel ist.<\/p>\n<p>\u2714 <strong>Klare und pr\u00e4zise Verschl\u00fcsselung<\/strong> - Ideal f\u00fcr die Analyse und Auff\u00fchrung von harmonischen Progressionen.<\/p>\n<p>\u2714 <strong>Option mit Backing Track<\/strong> (in einigen Partituren verf\u00fcgbar) - \u00dcben Sie mit einer instrumentalen Grundlage, um Ihren Redefluss und Ihre Begleitung zu verbessern.<\/p>\n<p>\u2714 <strong>N\u00fctzliches Material f\u00fcr jeden Musiker<\/strong> - Ideal f\u00fcr Pianisten, Gitarristen, Arrangeure und Komponisten.<\/p>\n<p>\u2714 <strong>Erleichtert das Lernen und die Improvisation<\/strong> - Verstehen, wie Akkorde im Kontext der einzelnen Progressionen funktionieren.<\/p>\n<p>\ud83d\udd34 <strong>Wichtige Kaufinformationen:<\/strong><\/p>\n<p>Dieses Produkt ist digital im PDF-Format. Da es heruntergeladen werden kann und die Datei leicht zu vervielf\u00e4ltigen ist, werden nach dem Kauf keine R\u00fcckgaben oder Erstattungen akzeptiert. Wir empfehlen Ihnen, die Informationen zu \u00fcberpr\u00fcfen, bevor Sie die Transaktion abschlie\u00dfen.<\/p>\n<p>\ud83d\udd25 Beherrschen Sie harmonische Progressionen mit einem praktischen und strukturierten Ansatz - laden Sie jetzt Ihre Partitur herunter und bringen Sie Ihr musikalisches Wissen auf die n\u00e4chste Stufe!<\/p>\n<div id=\"ssIdSession\" data-ssid=\"04a5059a5b8aabf60b3a8db14f0f9504\"><\/div>","protected":false},"excerpt":{"rendered":"<p>\ud83c\udfbc Partitura con Cifrados en PDF + Backing Track (Opcional no todas las partituras tienen su backing track) \u2013 Colecci\u00f3n [&hellip;]<\/p>","protected":false},"featured_media":9146,"comment_status":"open","ping_status":"closed","template":"","meta":{"_acf_changed":false,"_monsterinsights_skip_tracking":false,"_monsterinsights_sitenote_active":false,"_monsterinsights_sitenote_note":"","_monsterinsights_sitenote_category":0},"product_brand":[],"product_cat":[15,347],"product_tag":[],"class_list":{"0":"post-11057","1":"product","2":"type-product","3":"status-publish","4":"has-post-thumbnail","6":"product_cat-uncategorized","7":"product_cat-partituras","9":"first","10":"instock","11":"downloadable","12":"shipping-taxable","13":"purchasable","14":"product-type-simple"},"acf":[],"_links":{"self":[{"href":"https:\/\/pianosalsa.com\/de\/wp-json\/wp\/v2\/product\/11057","targetHints":{"allow":["GET"]}}],"collection":[{"href":"https:\/\/pianosalsa.com\/de\/wp-json\/wp\/v2\/product"}],"about":[{"href":"https:\/\/pianosalsa.com\/de\/wp-json\/wp\/v2\/types\/product"}],"replies":[{"embeddable":true,"href":"https:\/\/pianosalsa.com\/de\/wp-json\/wp\/v2\/comments?post=11057"}],"wp:featuredmedia":[{"embeddable":true,"href":"https:\/\/pianosalsa.com\/de\/wp-json\/wp\/v2\/media\/9146"}],"wp:attachment":[{"href":"https:\/\/pianosalsa.com\/de\/wp-json\/wp\/v2\/media?parent=11057"}],"wp:term":[{"taxonomy":"product_brand","embeddable":true,"href":"https:\/\/pianosalsa.com\/de\/wp-json\/wp\/v2\/product_brand?post=11057"},{"taxonomy":"product_cat","embeddable":true,"href":"https:\/\/pianosalsa.com\/de\/wp-json\/wp\/v2\/product_cat?post=11057"},{"taxonomy":"product_tag","embeddable":true,"href":"https:\/\/pianosalsa.com\/de\/wp-json\/wp\/v2\/product_tag?post=11057"}],"curies":[{"name":"wp","href":"https:\/\/api.w.org\/{rel}","templated":true}]}}