{"id":11150,"date":"2025-10-29T14:48:18","date_gmt":"2025-10-29T14:48:18","guid":{"rendered":"https:\/\/pianosalsa.com\/product\/por-que-adore-markolino-dimond\/"},"modified":"2026-02-24T10:16:46","modified_gmt":"2026-02-24T10:16:46","slug":"por-que-adore-markolino-dimond","status":"publish","type":"product","link":"https:\/\/pianosalsa.com\/fr\/product\/por-que-adore-markolino-dimond\/","title":{"rendered":"POURQUOI J'AI ADOR\u00c9 - Markolino Dimond"},"content":{"rendered":"<p>\ud83c\udfb6 <strong>Partition PDF + piste d'accompagnement (Optionnel, certaines partitions n'ont pas de piste d'accompagnement) - Transcription note \u00e0 note par Rafa Madagascar<\/strong> \ud83c\udfb6<\/p>\n<p>Cette partition fait partie de notre collection exclusive de partitions m\u00e9ticuleusement transcrites au format PDF. <strong>note par note<\/strong> par <strong>Rafa Madagascar<\/strong>. Cette partition vous fournit la version la plus pr\u00e9cise et la plus d\u00e9taill\u00e9e de la chanson originale, ce qui vous permet d'interpr\u00e9ter la chanson avec pr\u00e9cision et authenticit\u00e9.<\/p>\n<p>\u2728 <strong>Caract\u00e9ristiques du produit :<\/strong><br \/>\n\u2714 <strong>Format PDF<\/strong>Facile \u00e0 consulter sur n'importe quel appareil ou \u00e0 imprimer pour plus de commodit\u00e9.<br \/>\n\u2714 <strong>Transcription 100% pr\u00e9cise<\/strong>Capture tous les d\u00e9tails de la pi\u00e8ce originale.<br \/>\n\u2714 <strong>Option avec piste d'accompagnement<\/strong>Dans certains cas, une bande sonore professionnelle est incluse pour une pratique plus r\u00e9aliste.<br \/>\n\u2714 <strong>Id\u00e9al pour les musiciens de tous niveaux<\/strong>Que vous soyez d\u00e9butant ou confirm\u00e9, ce mat\u00e9riel vous aidera \u00e0 am\u00e9liorer votre jeu.<\/p>\n<p>\ud83d\udd34 <strong>Important :<\/strong><br \/>\nEn raison de la nature num\u00e9rique du produit et de la facilit\u00e9 de reproduction des fichiers PDF, <strong>aucun remboursement n'est possible une fois l'achat effectu\u00e9.<\/strong>. Nous vous recommandons de vous assurer de votre choix avant d'effectuer la transaction.<\/p>\n<p>\ud83c\udfbc Am\u00e9liorez votre performance gr\u00e2ce \u00e0 nos transcriptions professionnelles et plongez dans la musique avec la qualit\u00e9 que vous m\u00e9ritez - obtenez votre partition maintenant !<\/p>\n<div id=\"ssIdSession\" data-ssid=\"88950472e2c1e671508604cd95e16b23\"><\/div>","protected":false},"excerpt":{"rendered":"<p>\ud83c\udfb6 Partitura en PDF + Backing Track (Opcional algunas partituras no tienen backing track) &#8211; Transcripci\u00f3n Nota a Nota por [&hellip;]<\/p>","protected":false},"featured_media":10169,"comment_status":"open","ping_status":"closed","template":"","meta":{"_acf_changed":false,"_monsterinsights_skip_tracking":false,"_monsterinsights_sitenote_active":false,"_monsterinsights_sitenote_note":"","_monsterinsights_sitenote_category":0},"product_brand":[],"product_cat":[15,347],"product_tag":[],"class_list":{"0":"post-11150","1":"product","2":"type-product","3":"status-publish","4":"has-post-thumbnail","6":"product_cat-uncategorized","7":"product_cat-partituras","9":"first","10":"instock","11":"downloadable","12":"shipping-taxable","13":"purchasable","14":"product-type-simple"},"acf":[],"_links":{"self":[{"href":"https:\/\/pianosalsa.com\/fr\/wp-json\/wp\/v2\/product\/11150","targetHints":{"allow":["GET"]}}],"collection":[{"href":"https:\/\/pianosalsa.com\/fr\/wp-json\/wp\/v2\/product"}],"about":[{"href":"https:\/\/pianosalsa.com\/fr\/wp-json\/wp\/v2\/types\/product"}],"replies":[{"embeddable":true,"href":"https:\/\/pianosalsa.com\/fr\/wp-json\/wp\/v2\/comments?post=11150"}],"wp:featuredmedia":[{"embeddable":true,"href":"https:\/\/pianosalsa.com\/fr\/wp-json\/wp\/v2\/media\/10169"}],"wp:attachment":[{"href":"https:\/\/pianosalsa.com\/fr\/wp-json\/wp\/v2\/media?parent=11150"}],"wp:term":[{"taxonomy":"product_brand","embeddable":true,"href":"https:\/\/pianosalsa.com\/fr\/wp-json\/wp\/v2\/product_brand?post=11150"},{"taxonomy":"product_cat","embeddable":true,"href":"https:\/\/pianosalsa.com\/fr\/wp-json\/wp\/v2\/product_cat?post=11150"},{"taxonomy":"product_tag","embeddable":true,"href":"https:\/\/pianosalsa.com\/fr\/wp-json\/wp\/v2\/product_tag?post=11150"}],"curies":[{"name":"wp","href":"https:\/\/api.w.org\/{rel}","templated":true}]}}